{"id":1025,"date":"2016-12-25T05:20:28","date_gmt":"2016-12-25T05:20:28","guid":{"rendered":"http:\/\/spiritual.premiumthemes.in\/?page_id=1025"},"modified":"2020-03-01T21:41:51","modified_gmt":"2020-03-02T00:41:51","slug":"duvidasdicas","status":"publish","type":"page","link":"https:\/\/mecpol.com.br\/index.php\/duvidasdicas\/","title":{"rendered":"D\u00favidas e dicas"},"content":{"rendered":"<h1><img decoding=\"async\" loading=\"lazy\" class=\"wp-image-2371 size-large aligncenter\" src=\"http:\/\/mecpol.com.br\/wp-content\/uploads\/2019\/08\/4-1-1024x300.jpg\" alt=\"\" width=\"960\" height=\"281\" srcset=\"https:\/\/mecpol.com.br\/wp-content\/uploads\/2019\/08\/4-1.jpg 1024w, https:\/\/mecpol.com.br\/wp-content\/uploads\/2019\/08\/4-1-300x88.jpg 300w, https:\/\/mecpol.com.br\/wp-content\/uploads\/2019\/08\/4-1-768x225.jpg 768w\" sizes=\"(max-width: 960px) 100vw, 960px\" \/><\/h1>\n<hr \/>\n<h2 class=\"answer-title\" dir=\"auto\">Quais servi\u00e7os de reparos A MECPOL oferece?<\/h2>\n<div class=\"answer\" dir=\"auto\">\n<h6><b><span class=\"notranslate\">Tudo a partir de um simples \u00f3leo e troca de filtro, pastilhas de freio, motores, correias, al\u00e9m de diagnosticar e reparar a maioria dos problemas de igni\u00e7\u00e3o e el\u00e9trica.<\/span><\/b><\/h6>\n<\/div>\n<h2 class=\"answer-title\" dir=\"auto\">Voc\u00eas usam pe\u00e7as remanufaturadas?<\/h2>\n<div class=\"answer\" dir=\"auto\">\n<h6>Sim, usamos pe\u00e7as remanufaturadas dependendo da urg\u00eancia do cliente.<\/h6>\n<h6><span style=\"color: #23282d; font-size: 1.6em;\">Quais hor\u00e1rios voc\u00eas atendem?<\/span><\/h6>\n<div>\n<div class=\"answer\" dir=\"auto\">\n<h6>Trabalhamos em hor\u00e1rio comercial de segunda a sexta das 8 \u00e0s 12 horas &#8211; 13:30 as 18 horas.<\/h6>\n<\/div>\n<\/div>\n<\/div>\n<div>\n<h2 class=\"answer-title\" dir=\"auto\">Como agendo um reparo?<\/h2>\n<div class=\"answer\" dir=\"auto\">\n<h6>Voc\u00ea pode agendar:\u00a0 Ligando no telefone 41 98454-1415 ou 41 98533-4223 ambos tem Whatsapp ou pelo E-mail contato@mecpol.com.br.<\/h6>\n<\/div>\n<\/div>\n<div>\n<div class=\"answer\" dir=\"auto\">\n<div><span style=\"color: #23282d; font-size: 1.6em; font-weight: 600;\">Voc\u00ea fazem o servi\u00e7o no mesmo dia?<\/span><\/div>\n<\/div>\n<\/div>\n<div>\n<h6 class=\"answer\" dir=\"auto\"><span class=\"notranslate\">Se tivermos aberturas sim, podemos fazer troca de \u00f3leo e diagn\u00f3sticos no mesmo dia.<\/span>\u00a0<span class=\"notranslate\">A maioria dos outros servi\u00e7os exige um ou mais dias de anteced\u00eancia para obter as pe\u00e7as<\/span>.<\/h6>\n<\/div>\n<div>\n<div class=\"answer\" dir=\"auto\">\n<h2 class=\"answer-title\" dir=\"auto\">Quanto tempo levar\u00e1 para o meu carro ser reparado?<\/h2>\n<div class=\"answer\" dir=\"auto\">\n<h6><span class=\"notranslate\">O tempo de servi\u00e7o depender\u00e1 do trabalho que precisa ser feito.<\/span>\u00a0<span class=\"notranslate\">Quando voc\u00ea receber sua cota\u00e7\u00e3o, ela incluir\u00e1 o tempo de servi\u00e7o estimado para o seu compromisso<\/span>.<\/h6>\n<hr \/>\n<div>\n<div class=\"answer\" dir=\"auto\">\n<h1 style=\"text-align: center;\"><img decoding=\"async\" loading=\"lazy\" class=\" wp-image-2376 aligncenter\" src=\"http:\/\/mecpol.com.br\/wp-content\/uploads\/2019\/08\/5-1-1024x389.jpg\" alt=\"\" width=\"554\" height=\"210\" srcset=\"https:\/\/mecpol.com.br\/wp-content\/uploads\/2019\/08\/5-1-1024x389.jpg 1024w, https:\/\/mecpol.com.br\/wp-content\/uploads\/2019\/08\/5-1-300x114.jpg 300w, https:\/\/mecpol.com.br\/wp-content\/uploads\/2019\/08\/5-1-768x291.jpg 768w, https:\/\/mecpol.com.br\/wp-content\/uploads\/2019\/08\/5-1.jpg 1083w\" sizes=\"(max-width: 554px) 100vw, 554px\" \/><\/h1>\n<h2>Agende a inspe\u00e7\u00e3o do seu ve\u00edculo regularmente<\/h2>\n<h6>Para que o ve\u00edculo sempre esteja em pleno funcionamento \u00e9 importante seja feito toda manuten\u00e7\u00e3o e inspe\u00e7\u00e3o regular.\u00a0 Pode agendar junto da MECPOL que temos toda tecnologia que precisa.<\/h6>\n<\/div>\n<div class=\"answer\" dir=\"auto\">\n<h2>Aprenda o significado dos indicadores do painel<\/h2>\n<h6>Os ve\u00edculos tem sensores e sistemas de aviso que avisam se algo esta errado ou com mal funcionamento. Importante saber o que indica e imediatamente levar na MECPOL pra verifica\u00e7\u00e3o e troca de pe\u00e7a ou conserto.<\/h6>\n<h2>Verifique as press\u00f5es dos Pneus.<\/h2>\n<h6>A Uma das coisas que impactam na economia do combust\u00edvel \u00e9 a press\u00e3o dos pneus, que tamb\u00e9m afeta o conforto e manuseio do mesmo. Sempre verifique se est\u00e3o cheios e a calibragem.<\/h6>\n<h2>Verifique os n\u00edveis de \u00f3leo<\/h2>\n<h6>O motor do seu carro cont\u00e9m muitas partes mec\u00e2nicas que se mant\u00e9m em movimento a todo tempo e criam atrito entre elas. Para minimizar e at\u00e9 eliminar este atrito o \u00f3leo deve estar no n\u00edvel correto, do contr\u00e1rio pode fundir o motor.<\/h6>\n<hr \/>\n<h2>Caso ainda tenha alguma d\u00favida entre em contato conosco pelo e-mail contato@mecpol.com.br ou pelo WhatsApp (41) 98454-1415 \/ (41) 98533-4223.<\/h2>\n<\/div>\n<\/div>\n<\/div>\n<\/div>\n<\/div>\n","protected":false},"excerpt":{"rendered":"<p>Quais servi\u00e7os de reparos A MECPOL oferece? Tudo a partir de um simples \u00f3leo e troca de filtro, pastilhas de freio, motores, correias, al\u00e9m de diagnosticar e reparar a maioria dos problemas de igni\u00e7\u00e3o e el\u00e9trica. Voc\u00eas usam pe\u00e7as remanufaturadas? Sim, usamos pe\u00e7as remanufaturadas dependendo da urg\u00eancia do cliente. Quais hor\u00e1rios voc\u00eas atendem? Trabalhamos em [&hellip;]<\/p>\n","protected":false},"author":1,"featured_media":0,"parent":0,"menu_order":0,"comment_status":"closed","ping_status":"closed","template":"","meta":[],"_links":{"self":[{"href":"https:\/\/mecpol.com.br\/index.php\/wp-json\/wp\/v2\/pages\/1025"}],"collection":[{"href":"https:\/\/mecpol.com.br\/index.php\/wp-json\/wp\/v2\/pages"}],"about":[{"href":"https:\/\/mecpol.com.br\/index.php\/wp-json\/wp\/v2\/types\/page"}],"author":[{"embeddable":true,"href":"https:\/\/mecpol.com.br\/index.php\/wp-json\/wp\/v2\/users\/1"}],"replies":[{"embeddable":true,"href":"https:\/\/mecpol.com.br\/index.php\/wp-json\/wp\/v2\/comments?post=1025"}],"version-history":[{"count":43,"href":"https:\/\/mecpol.com.br\/index.php\/wp-json\/wp\/v2\/pages\/1025\/revisions"}],"predecessor-version":[{"id":2448,"href":"https:\/\/mecpol.com.br\/index.php\/wp-json\/wp\/v2\/pages\/1025\/revisions\/2448"}],"wp:attachment":[{"href":"https:\/\/mecpol.com.br\/index.php\/wp-json\/wp\/v2\/media?parent=1025"}],"curies":[{"name":"wp","href":"https:\/\/api.w.org\/{rel}","templated":true}]}}