{"id":1699,"date":"2017-06-13T15:29:13","date_gmt":"2017-06-13T18:29:13","guid":{"rendered":"http:\/\/mecpol.com.br\/?page_id=1699"},"modified":"2019-08-24T20:50:52","modified_gmt":"2019-08-24T23:50:52","slug":"entrenotime","status":"publish","type":"page","link":"https:\/\/mecpol.com.br\/index.php\/entrenotime\/","title":{"rendered":"Entre no Time"},"content":{"rendered":"\n<div class=\"wp-block-image\"><figure class=\"aligncenter\"><img decoding=\"async\" loading=\"lazy\" width=\"1024\" height=\"214\" src=\"http:\/\/mecpol.com.br\/wp-content\/uploads\/2019\/08\/2-5-1024x214.jpg\" alt=\"\" class=\"wp-image-2410\" srcset=\"https:\/\/mecpol.com.br\/wp-content\/uploads\/2019\/08\/2-5-1024x214.jpg 1024w, https:\/\/mecpol.com.br\/wp-content\/uploads\/2019\/08\/2-5-300x63.jpg 300w, https:\/\/mecpol.com.br\/wp-content\/uploads\/2019\/08\/2-5-768x161.jpg 768w, https:\/\/mecpol.com.br\/wp-content\/uploads\/2019\/08\/2-5.jpg 1554w\" sizes=\"(max-width: 1024px) 100vw, 1024px\" \/><\/figure><\/div>\n\n\n\n<p><strong>A chave do sucesso da MECPOL est\u00e1 e sempre esteve em nosso pessoal.<\/strong> <\/p>\n\n\n\n<p><strong>Buscamos trazer profissionais capacitados para o centro e levamos a s\u00e9rio esta responsabilidade.<\/strong><\/p>\n\n\n\n<p><strong>Envie seu curr\u00edculo para contato@mecpol.com.br que em breve entraremos em contato.<\/strong><\/p>\n\n\n\n<p><\/p>\n\n\n\n<p><\/p>\n","protected":false},"excerpt":{"rendered":"<p>A chave do sucesso da MECPOL est\u00e1 e sempre esteve em nosso pessoal. Buscamos trazer profissionais capacitados para o centro e levamos a s\u00e9rio esta responsabilidade. Envie seu curr\u00edculo para contato@mecpol.com.br que em breve entraremos em contato.<\/p>\n","protected":false},"author":1,"featured_media":1710,"parent":0,"menu_order":0,"comment_status":"closed","ping_status":"closed","template":"","meta":[],"_links":{"self":[{"href":"https:\/\/mecpol.com.br\/index.php\/wp-json\/wp\/v2\/pages\/1699"}],"collection":[{"href":"https:\/\/mecpol.com.br\/index.php\/wp-json\/wp\/v2\/pages"}],"about":[{"href":"https:\/\/mecpol.com.br\/index.php\/wp-json\/wp\/v2\/types\/page"}],"author":[{"embeddable":true,"href":"https:\/\/mecpol.com.br\/index.php\/wp-json\/wp\/v2\/users\/1"}],"replies":[{"embeddable":true,"href":"https:\/\/mecpol.com.br\/index.php\/wp-json\/wp\/v2\/comments?post=1699"}],"version-history":[{"count":33,"href":"https:\/\/mecpol.com.br\/index.php\/wp-json\/wp\/v2\/pages\/1699\/revisions"}],"predecessor-version":[{"id":2412,"href":"https:\/\/mecpol.com.br\/index.php\/wp-json\/wp\/v2\/pages\/1699\/revisions\/2412"}],"wp:featuredmedia":[{"embeddable":true,"href":"https:\/\/mecpol.com.br\/index.php\/wp-json\/wp\/v2\/media\/1710"}],"wp:attachment":[{"href":"https:\/\/mecpol.com.br\/index.php\/wp-json\/wp\/v2\/media?parent=1699"}],"curies":[{"name":"wp","href":"https:\/\/api.w.org\/{rel}","templated":true}]}}